{"id":18186,"date":"2021-05-26T22:39:22","date_gmt":"2021-05-26T20:39:22","guid":{"rendered":"https:\/\/shop.turian.it\/prodotto\/ghr-012-2u-18-oil\/"},"modified":"2021-05-26T22:39:22","modified_gmt":"2021-05-26T20:39:22","slug":"ghr-012-2u-18-oil","status":"publish","type":"product","link":"https:\/\/shop.turian.it\/en\/prodotto\/ghr-012-2u-18-oil\/","title":{"rendered":"GHR-012-2U-18-OIL"},"content":{"rendered":"","protected":false},"excerpt":{"rendered":"<p>Giunto rotante a\u00a0<em><strong>due vie<\/strong><\/em>\u00a0per passaggio di olio idraulico ad\u00a0<strong><em>alta pressione<\/em><\/strong>. Il rotore, in acciaio al carbonio,\u00a0 trattato per resistere all\u2019usura e lappato per ridurre l\u2019attrito \u00e8 filettato da 1\/2 BSP RH ; l&#8217; uscita radiale\u00a0 \u00e8\u00a0 liberamente orientabile angolarmente una volta che il rotore \u00e8 avvitato. La tenuta \u00e8 realizzata con guarnizioni a base di PTFE di disegno particolare. Il corpo esterno \u00e8 ricavato da barra d\u2019alluminio per eliminare qualsiasi possibilit\u00e0 di porosit\u00e0 ed ha due porte filettate ; l\u2019allineamento del gruppo \u00e8 affidato ad un cuscinetto a sfere ed ad una boccola autolubrificante in bron<em>zo\u00a0<\/em>sinterizzato.<br \/>\n<strong>Evitare l\u2019impiego alla massima velocit\u00e0 con la massima pressione.<\/strong><\/p>\n<p><strong>Two ways<\/strong><em>\u00a0rotating joints for\u00a0 hydraulic oil at\u00a0<\/em><strong>high pressure<\/strong><em>. The rotor, made of hardened carbon steel and lapped for reducing friction torque is threaded 1\/2 BSP RH; the radial port\u00a0 is free rotable angularly once rotor is screwed. The seals are made of PTFE compound. The external body is machined from aluminium bar to avoid any porosity and it has two threaded ports ; the alignment of unit is given by a ball bearing and a self-lubricant bushing of pressed bronze.<br \/>\n<strong>Avoid working at maximum speed with maximum pressure.<\/strong><\/em><\/p>\n","protected":false},"featured_media":15944,"template":"","meta":[],"product_brand":[],"product_cat":[1532,1519],"product_tag":[],"class_list":{"0":"post-18186","1":"product","2":"type-product","3":"status-publish","4":"has-post-thumbnail","6":"product_cat-ghr-oil-en","7":"product_cat-olio-en","9":"first","10":"instock","11":"shipping-taxable","12":"purchasable","13":"product-type-variable","14":"has-default-attributes"},"_links":{"self":[{"href":"https:\/\/shop.turian.it\/en\/wp-json\/wp\/v2\/product\/18186","targetHints":{"allow":["GET"]}}],"collection":[{"href":"https:\/\/shop.turian.it\/en\/wp-json\/wp\/v2\/product"}],"about":[{"href":"https:\/\/shop.turian.it\/en\/wp-json\/wp\/v2\/types\/product"}],"wp:featuredmedia":[{"embeddable":true,"href":"https:\/\/shop.turian.it\/en\/wp-json\/wp\/v2\/media\/15944"}],"wp:attachment":[{"href":"https:\/\/shop.turian.it\/en\/wp-json\/wp\/v2\/media?parent=18186"}],"wp:term":[{"taxonomy":"product_brand","embeddable":true,"href":"https:\/\/shop.turian.it\/en\/wp-json\/wp\/v2\/product_brand?post=18186"},{"taxonomy":"product_cat","embeddable":true,"href":"https:\/\/shop.turian.it\/en\/wp-json\/wp\/v2\/product_cat?post=18186"},{"taxonomy":"product_tag","embeddable":true,"href":"https:\/\/shop.turian.it\/en\/wp-json\/wp\/v2\/product_tag?post=18186"}],"curies":[{"name":"wp","href":"https:\/\/api.w.org\/{rel}","templated":true}]}}