{"id":17543,"date":"2021-10-29T09:04:59","date_gmt":"2021-10-29T07:04:59","guid":{"rendered":"https:\/\/shop.turian.it\/prodotto\/gd-13-2u-air\/"},"modified":"2021-10-29T09:04:59","modified_gmt":"2021-10-29T07:04:59","slug":"gd-13-2u-air","status":"publish","type":"product","link":"https:\/\/shop.turian.it\/en\/prodotto\/gd-13-2u-air\/","title":{"rendered":"GD-13-2U-AIR"},"content":{"rendered":"","protected":false},"excerpt":{"rendered":"<p>Giunto rotante a\u00a0<strong>due vie<\/strong> per passaggio di <strong>Aria compressa e Vuoto<\/strong>. Il rotore, filettato 1&#8243;1\/4 BSP, \u00e8 in acciaio al carbonio. Le tenute meccaniche bilanciate epermettono al giunto una rotazione continua ad alta velocit\u00e0. Il corpo esterno \u00e8 ricavato da barra d\u2019alluminio per eliminare qualsiasi possibilit\u00e0 di porosit\u00e0 ed ha due porte filettate\u00a0 da 1\/2 BSP; l\u2019allineamento del gruppo \u00e8 affidato ad una coppia di\u00a0 cuscinetti a sfere .<br \/>\n<strong>Evitare l\u2019impiego alla massima velocit\u00e0 con la massima pressione.<\/strong><\/p>\n<p><em><strong>Two ways<\/strong> rotating joint for <strong>Air and Vacuum<\/strong>. The rotor\u00a0 threaded 1&#8243;1\/4 BSP is made of carbon steel . The\u00a0 balanced mechanical seals allows to the joint to rotate continuosly at high speed. The external body is machined from aluminium bar to avoid any porosity and it has two threaded ports 1\/2 BSP; the alignment of unit is given by two ball bearings.<br \/>\n<strong>Avoid working at maximum speed with maximum pressure.<\/strong><br \/>\n<\/em><\/p>\n","protected":false},"featured_media":16833,"template":"","meta":[],"product_brand":[],"product_cat":[1500,1505],"product_tag":[],"class_list":{"0":"post-17543","1":"product","2":"type-product","3":"status-publish","4":"has-post-thumbnail","6":"product_cat-aria-en","7":"product_cat-gd-2u-air-en","9":"first","10":"instock","11":"shipping-taxable","12":"purchasable","13":"product-type-variable","14":"has-default-attributes"},"_links":{"self":[{"href":"https:\/\/shop.turian.it\/en\/wp-json\/wp\/v2\/product\/17543","targetHints":{"allow":["GET"]}}],"collection":[{"href":"https:\/\/shop.turian.it\/en\/wp-json\/wp\/v2\/product"}],"about":[{"href":"https:\/\/shop.turian.it\/en\/wp-json\/wp\/v2\/types\/product"}],"wp:featuredmedia":[{"embeddable":true,"href":"https:\/\/shop.turian.it\/en\/wp-json\/wp\/v2\/media\/16833"}],"wp:attachment":[{"href":"https:\/\/shop.turian.it\/en\/wp-json\/wp\/v2\/media?parent=17543"}],"wp:term":[{"taxonomy":"product_brand","embeddable":true,"href":"https:\/\/shop.turian.it\/en\/wp-json\/wp\/v2\/product_brand?post=17543"},{"taxonomy":"product_cat","embeddable":true,"href":"https:\/\/shop.turian.it\/en\/wp-json\/wp\/v2\/product_cat?post=17543"},{"taxonomy":"product_tag","embeddable":true,"href":"https:\/\/shop.turian.it\/en\/wp-json\/wp\/v2\/product_tag?post=17543"}],"curies":[{"name":"wp","href":"https:\/\/api.w.org\/{rel}","templated":true}]}}